{"id":8234,"date":"2021-03-09T16:03:56","date_gmt":"2021-03-09T16:03:56","guid":{"rendered":"http:\/\/pzpn.firstwebstrona.pl\/?page_id=8234"},"modified":"2021-04-05T08:39:43","modified_gmt":"2021-04-05T08:39:43","slug":"zwiazkowa-komisja-odwolawcza","status":"publish","type":"page","link":"https:\/\/podlaskizpn.org\/index.php\/home\/wydzialy-i-komisje\/komisje\/zwiazkowa-komisja-odwolawcza\/","title":{"rendered":"Zwi\u0105zkowa Komisja Odwo\u0142awcza"},"content":{"rendered":"\t\t<div data-elementor-type=\"wp-page\" data-elementor-id=\"8234\" class=\"elementor elementor-8234\" data-elementor-settings=\"[]\">\n\t\t\t\t\t\t<div class=\"elementor-inner\">\n\t\t\t\t\t\t\t<div class=\"elementor-section-wrap\">\n\t\t\t\t\t\t\t<section class=\"elementor-section elementor-top-section elementor-element elementor-element-3e538b68 elementor-section-content-top elementor-section-boxed elementor-section-height-default elementor-section-height-default\" data-id=\"3e538b68\" data-element_type=\"section\">\n\t\t\t\t\t\t<div class=\"elementor-container elementor-column-gap-default\">\n\t\t\t\t\t\t\t<div class=\"elementor-row\">\n\t\t\t\t\t<div class=\"elementor-column elementor-col-25 elementor-top-column elementor-element elementor-element-695f9b3f\" data-id=\"695f9b3f\" data-element_type=\"column\" data-settings=\"{&quot;background_background&quot;:&quot;classic&quot;}\">\n\t\t\t<div class=\"elementor-column-wrap elementor-element-populated\">\n\t\t\t\t\t\t\t<div class=\"elementor-widget-wrap\">\n\t\t\t\t\t\t<div class=\"elementor-element elementor-element-443f3a82 elementor-widget elementor-widget-image\" data-id=\"443f3a82\" data-element_type=\"widget\" data-widget_type=\"image.default\">\n\t\t\t\t<div class=\"elementor-widget-container\">\n\t\t\t\t\t<div class=\"elementor-image\">\n\t\t\t\t\t\t\t\t\t\t<img width=\"750\" height=\"750\" src=\"https:\/\/podlaskizpn.org\/wp-content\/uploads\/2021\/03\/piotr-dabkowski-1024x1024.jpg\" class=\"attachment-large size-large\" alt=\"\" loading=\"lazy\" srcset=\"https:\/\/podlaskizpn.org\/wp-content\/uploads\/2021\/03\/piotr-dabkowski-1024x1024.jpg 1024w, https:\/\/podlaskizpn.org\/wp-content\/uploads\/2021\/03\/piotr-dabkowski-300x300.jpg 300w, https:\/\/podlaskizpn.org\/wp-content\/uploads\/2021\/03\/piotr-dabkowski-150x150.jpg 150w, https:\/\/podlaskizpn.org\/wp-content\/uploads\/2021\/03\/piotr-dabkowski-768x768.jpg 768w, https:\/\/podlaskizpn.org\/wp-content\/uploads\/2021\/03\/piotr-dabkowski-1536x1536.jpg 1536w, https:\/\/podlaskizpn.org\/wp-content\/uploads\/2021\/03\/piotr-dabkowski.jpg 2048w, https:\/\/podlaskizpn.org\/wp-content\/uploads\/2021\/03\/piotr-dabkowski-100x100.jpg 100w, https:\/\/podlaskizpn.org\/wp-content\/uploads\/2021\/03\/piotr-dabkowski-128x128.jpg 128w, https:\/\/podlaskizpn.org\/wp-content\/uploads\/2021\/03\/piotr-dabkowski-32x32.jpg 32w\" sizes=\"(max-width: 750px) 100vw, 750px\" \/>\t\t\t\t\t\t\t\t\t\t\t<\/div>\n\t\t\t\t<\/div>\n\t\t\t\t<\/div>\n\t\t\t\t<div class=\"elementor-element elementor-element-276234d8 elementor-widget elementor-widget-heading\" data-id=\"276234d8\" data-element_type=\"widget\" data-widget_type=\"heading.default\">\n\t\t\t\t<div class=\"elementor-widget-container\">\n\t\t\t<h3 class=\"elementor-heading-title elementor-size-default\">Piotr D\u0105bkowski<\/h3>\t\t<\/div>\n\t\t\t\t<\/div>\n\t\t\t\t<div class=\"elementor-element elementor-element-514885d2 elementor-widget elementor-widget-toggle\" data-id=\"514885d2\" data-element_type=\"widget\" data-widget_type=\"toggle.default\">\n\t\t\t\t<div class=\"elementor-widget-container\">\n\t\t\t\t\t<div class=\"elementor-toggle\" role=\"tablist\">\n\t\t\t\t\t\t\t<div class=\"elementor-toggle-item\">\n\t\t\t\t\t<div id=\"elementor-tab-title-1361\" class=\"elementor-tab-title\" data-tab=\"1\" role=\"tab\" aria-controls=\"elementor-tab-content-1361\">\n\t\t\t\t\t\t\t\t\t\t\t\t<span class=\"elementor-toggle-icon elementor-toggle-icon-left\" aria-hidden=\"true\">\n\t\t\t\t\t\t\t\t\t\t\t\t\t\t\t<span class=\"elementor-toggle-icon-closed\"><i class=\"fas fa-caret-right\"><\/i><\/span>\n\t\t\t\t\t\t\t\t<span class=\"elementor-toggle-icon-opened\"><i class=\"elementor-toggle-icon-opened fas fa-caret-up\"><\/i><\/span>\n\t\t\t\t\t\t\t\t\t\t\t\t\t<\/span>\n\t\t\t\t\t\t\t\t\t\t\t\t<a href=\"\" class=\"elementor-toggle-title\">Funkcje<\/a>\n\t\t\t\t\t<\/div>\n\t\t\t\t\t<div id=\"elementor-tab-content-1361\" class=\"elementor-tab-content elementor-clearfix\" data-tab=\"1\" role=\"tabpanel\" aria-labelledby=\"elementor-tab-title-1361\"><div class=\"mem-role\"><div class=\"mem-role\">Cz\u0142onek zarz\u0105du, Przewodnicz\u0105cy Zwi\u0105zkowej Komisji Odwo\u0142awczej, Przewodnicz\u0105cy Zwi\u0105zkowej Komisji Odwo\u0142awczej d\/s licencji klubowych<\/div><\/div><\/div>\n\t\t\t\t<\/div>\n\t\t\t\t\t<\/div>\n\t\t\t\t<\/div>\n\t\t\t\t<\/div>\n\t\t\t\t\t\t<\/div>\n\t\t\t\t\t<\/div>\n\t\t<\/div>\n\t\t\t\t<div class=\"elementor-column elementor-col-25 elementor-top-column elementor-element elementor-element-37ab7b9\" data-id=\"37ab7b9\" data-element_type=\"column\" data-settings=\"{&quot;background_background&quot;:&quot;classic&quot;}\">\n\t\t\t<div class=\"elementor-column-wrap elementor-element-populated\">\n\t\t\t\t\t\t\t<div class=\"elementor-widget-wrap\">\n\t\t\t\t\t\t<div class=\"elementor-element elementor-element-5b8ffec8 elementor-widget elementor-widget-image\" data-id=\"5b8ffec8\" data-element_type=\"widget\" data-widget_type=\"image.default\">\n\t\t\t\t<div class=\"elementor-widget-container\">\n\t\t\t\t\t<div class=\"elementor-image\">\n\t\t\t\t\t\t\t\t\t\t<img width=\"334\" height=\"338\" src=\"https:\/\/podlaskizpn.org\/wp-content\/uploads\/2021\/03\/piotr-kaczynski.jpg\" class=\"attachment-large size-large\" alt=\"\" loading=\"lazy\" srcset=\"https:\/\/podlaskizpn.org\/wp-content\/uploads\/2021\/03\/piotr-kaczynski.jpg 334w, https:\/\/podlaskizpn.org\/wp-content\/uploads\/2021\/03\/piotr-kaczynski-296x300.jpg 296w, https:\/\/podlaskizpn.org\/wp-content\/uploads\/2021\/03\/piotr-kaczynski-100x100.jpg 100w, https:\/\/podlaskizpn.org\/wp-content\/uploads\/2021\/03\/piotr-kaczynski-126x128.jpg 126w, https:\/\/podlaskizpn.org\/wp-content\/uploads\/2021\/03\/piotr-kaczynski-32x32.jpg 32w\" sizes=\"(max-width: 334px) 100vw, 334px\" \/>\t\t\t\t\t\t\t\t\t\t\t<\/div>\n\t\t\t\t<\/div>\n\t\t\t\t<\/div>\n\t\t\t\t<div class=\"elementor-element elementor-element-b929e0a elementor-widget elementor-widget-heading\" data-id=\"b929e0a\" data-element_type=\"widget\" data-widget_type=\"heading.default\">\n\t\t\t\t<div class=\"elementor-widget-container\">\n\t\t\t<h3 class=\"elementor-heading-title elementor-size-default\">Piotr Kaczy\u0144ski<\/h3>\t\t<\/div>\n\t\t\t\t<\/div>\n\t\t\t\t<div class=\"elementor-element elementor-element-6c7c4732 elementor-widget elementor-widget-toggle\" data-id=\"6c7c4732\" data-element_type=\"widget\" data-widget_type=\"toggle.default\">\n\t\t\t\t<div class=\"elementor-widget-container\">\n\t\t\t\t\t<div class=\"elementor-toggle\" role=\"tablist\">\n\t\t\t\t\t\t\t<div class=\"elementor-toggle-item\">\n\t\t\t\t\t<div id=\"elementor-tab-title-1821\" class=\"elementor-tab-title\" data-tab=\"1\" role=\"tab\" aria-controls=\"elementor-tab-content-1821\">\n\t\t\t\t\t\t\t\t\t\t\t\t<span class=\"elementor-toggle-icon elementor-toggle-icon-left\" aria-hidden=\"true\">\n\t\t\t\t\t\t\t\t\t\t\t\t\t\t\t<span class=\"elementor-toggle-icon-closed\"><i class=\"fas fa-caret-right\"><\/i><\/span>\n\t\t\t\t\t\t\t\t<span class=\"elementor-toggle-icon-opened\"><i class=\"elementor-toggle-icon-opened fas fa-caret-up\"><\/i><\/span>\n\t\t\t\t\t\t\t\t\t\t\t\t\t<\/span>\n\t\t\t\t\t\t\t\t\t\t\t\t<a href=\"\" class=\"elementor-toggle-title\">Funkcje<\/a>\n\t\t\t\t\t<\/div>\n\t\t\t\t\t<div id=\"elementor-tab-content-1821\" class=\"elementor-tab-content elementor-clearfix\" data-tab=\"1\" role=\"tabpanel\" aria-labelledby=\"elementor-tab-title-1821\"><div class=\"mem-role\">Cz\u0142onek zwi\u0105zkowej komisji odwo\u0142awczej, Cz\u0142onek Zwi\u0105zkowej Komisji Odwo\u0142awczej d\/s licencji klubowych, Cz\u0142onek Wydzia\u0142u d\/s bezpiecze\u0144stwa<\/div><\/div>\n\t\t\t\t<\/div>\n\t\t\t\t\t<\/div>\n\t\t\t\t<\/div>\n\t\t\t\t<\/div>\n\t\t\t\t\t\t<\/div>\n\t\t\t\t\t<\/div>\n\t\t<\/div>\n\t\t\t\t<div class=\"elementor-column elementor-col-25 elementor-top-column elementor-element elementor-element-295424f4\" data-id=\"295424f4\" data-element_type=\"column\" data-settings=\"{&quot;background_background&quot;:&quot;classic&quot;}\">\n\t\t\t<div class=\"elementor-column-wrap elementor-element-populated\">\n\t\t\t\t\t\t\t<div class=\"elementor-widget-wrap\">\n\t\t\t\t\t\t<div class=\"elementor-element elementor-element-29e64163 elementor-widget elementor-widget-image\" data-id=\"29e64163\" data-element_type=\"widget\" data-widget_type=\"image.default\">\n\t\t\t\t<div class=\"elementor-widget-container\">\n\t\t\t\t\t<div class=\"elementor-image\">\n\t\t\t\t\t\t\t\t\t\t<img width=\"750\" height=\"750\" src=\"https:\/\/podlaskizpn.org\/wp-content\/uploads\/2021\/03\/pawel-przelomski-1024x1024.jpg\" class=\"attachment-large size-large\" alt=\"\" loading=\"lazy\" srcset=\"https:\/\/podlaskizpn.org\/wp-content\/uploads\/2021\/03\/pawel-przelomski-1024x1024.jpg 1024w, https:\/\/podlaskizpn.org\/wp-content\/uploads\/2021\/03\/pawel-przelomski-300x300.jpg 300w, https:\/\/podlaskizpn.org\/wp-content\/uploads\/2021\/03\/pawel-przelomski-150x150.jpg 150w, https:\/\/podlaskizpn.org\/wp-content\/uploads\/2021\/03\/pawel-przelomski-768x768.jpg 768w, https:\/\/podlaskizpn.org\/wp-content\/uploads\/2021\/03\/pawel-przelomski-1536x1536.jpg 1536w, https:\/\/podlaskizpn.org\/wp-content\/uploads\/2021\/03\/pawel-przelomski.jpg 2048w, https:\/\/podlaskizpn.org\/wp-content\/uploads\/2021\/03\/pawel-przelomski-100x100.jpg 100w, https:\/\/podlaskizpn.org\/wp-content\/uploads\/2021\/03\/pawel-przelomski-128x128.jpg 128w, https:\/\/podlaskizpn.org\/wp-content\/uploads\/2021\/03\/pawel-przelomski-32x32.jpg 32w\" sizes=\"(max-width: 750px) 100vw, 750px\" \/>\t\t\t\t\t\t\t\t\t\t\t<\/div>\n\t\t\t\t<\/div>\n\t\t\t\t<\/div>\n\t\t\t\t<div class=\"elementor-element elementor-element-2973fc2 elementor-widget elementor-widget-heading\" data-id=\"2973fc2\" data-element_type=\"widget\" data-widget_type=\"heading.default\">\n\t\t\t\t<div class=\"elementor-widget-container\">\n\t\t\t<h3 class=\"elementor-heading-title elementor-size-default\">Pawe\u0142 Prze\u0142omski<\/h3>\t\t<\/div>\n\t\t\t\t<\/div>\n\t\t\t\t<div class=\"elementor-element elementor-element-277f190f elementor-widget elementor-widget-toggle\" data-id=\"277f190f\" data-element_type=\"widget\" data-widget_type=\"toggle.default\">\n\t\t\t\t<div class=\"elementor-widget-container\">\n\t\t\t\t\t<div class=\"elementor-toggle\" role=\"tablist\">\n\t\t\t\t\t\t\t<div class=\"elementor-toggle-item\">\n\t\t\t\t\t<div id=\"elementor-tab-title-6621\" class=\"elementor-tab-title\" data-tab=\"1\" role=\"tab\" aria-controls=\"elementor-tab-content-6621\">\n\t\t\t\t\t\t\t\t\t\t\t\t<span class=\"elementor-toggle-icon elementor-toggle-icon-left\" aria-hidden=\"true\">\n\t\t\t\t\t\t\t\t\t\t\t\t\t\t\t<span class=\"elementor-toggle-icon-closed\"><i class=\"fas fa-caret-right\"><\/i><\/span>\n\t\t\t\t\t\t\t\t<span class=\"elementor-toggle-icon-opened\"><i class=\"elementor-toggle-icon-opened fas fa-caret-up\"><\/i><\/span>\n\t\t\t\t\t\t\t\t\t\t\t\t\t<\/span>\n\t\t\t\t\t\t\t\t\t\t\t\t<a href=\"\" class=\"elementor-toggle-title\">Funkcje<\/a>\n\t\t\t\t\t<\/div>\n\t\t\t\t\t<div id=\"elementor-tab-content-6621\" class=\"elementor-tab-content elementor-clearfix\" data-tab=\"1\" role=\"tabpanel\" aria-labelledby=\"elementor-tab-title-6621\"><div class=\"mem-role\">Wiceprezes d\/s organizacyjnych, Cz\u0142onek Zwi\u0105zkowj Komisji Odwo\u0142awczej, Cz\u0142onek Zwi\u0105zkowej Komisji Odwo\u0142awczej d\/s licencji klubowych<\/div><\/div>\n\t\t\t\t<\/div>\n\t\t\t\t\t<\/div>\n\t\t\t\t<\/div>\n\t\t\t\t<\/div>\n\t\t\t\t\t\t<\/div>\n\t\t\t\t\t<\/div>\n\t\t<\/div>\n\t\t\t\t<div class=\"elementor-column elementor-col-25 elementor-top-column elementor-element elementor-element-57195e2\" data-id=\"57195e2\" data-element_type=\"column\">\n\t\t\t<div class=\"elementor-column-wrap\">\n\t\t\t\t\t\t\t<div class=\"elementor-widget-wrap\">\n\t\t\t\t\t\t\t\t<\/div>\n\t\t\t\t\t<\/div>\n\t\t<\/div>\n\t\t\t\t\t\t\t\t<\/div>\n\t\t\t\t\t<\/div>\n\t\t<\/section>\n\t\t\t\t\t\t<\/div>\n\t\t\t\t\t\t<\/div>\n\t\t\t\t\t<\/div>\n\t\t","protected":false},"excerpt":{"rendered":"<p>Piotr D\u0105bkowski Funkcje Cz\u0142onek zarz\u0105du, Przewodnicz\u0105cy Zwi\u0105zkowej Komisji Odwo\u0142awczej, Przewodnicz\u0105cy Zwi\u0105zkowej Komisji Odwo\u0142awczej d\/s licencji klubowych Piotr Kaczy\u0144ski Funkcje Cz\u0142onek zwi\u0105zkowej komisji odwo\u0142awczej, Cz\u0142onek Zwi\u0105zkowej Komisji Odwo\u0142awczej d\/s licencji klubowych, Cz\u0142onek Wydzia\u0142u d\/s bezpiecze\u0144stwa Pawe\u0142 Prze\u0142omski Funkcje Wiceprezes d\/s organizacyjnych, Cz\u0142onek Zwi\u0105zkowj Komisji Odwo\u0142awczej, Cz\u0142onek Zwi\u0105zkowej Komisji Odwo\u0142awczej d\/s licencji klubowych<\/p>\n","protected":false},"author":1,"featured_media":0,"parent":8211,"menu_order":0,"comment_status":"closed","ping_status":"closed","template":"template-fullwidth.php","meta":[],"_links":{"self":[{"href":"https:\/\/podlaskizpn.org\/index.php\/wp-json\/wp\/v2\/pages\/8234"}],"collection":[{"href":"https:\/\/podlaskizpn.org\/index.php\/wp-json\/wp\/v2\/pages"}],"about":[{"href":"https:\/\/podlaskizpn.org\/index.php\/wp-json\/wp\/v2\/types\/page"}],"author":[{"embeddable":true,"href":"https:\/\/podlaskizpn.org\/index.php\/wp-json\/wp\/v2\/users\/1"}],"replies":[{"embeddable":true,"href":"https:\/\/podlaskizpn.org\/index.php\/wp-json\/wp\/v2\/comments?post=8234"}],"version-history":[{"count":7,"href":"https:\/\/podlaskizpn.org\/index.php\/wp-json\/wp\/v2\/pages\/8234\/revisions"}],"predecessor-version":[{"id":8570,"href":"https:\/\/podlaskizpn.org\/index.php\/wp-json\/wp\/v2\/pages\/8234\/revisions\/8570"}],"up":[{"embeddable":true,"href":"https:\/\/podlaskizpn.org\/index.php\/wp-json\/wp\/v2\/pages\/8211"}],"wp:attachment":[{"href":"https:\/\/podlaskizpn.org\/index.php\/wp-json\/wp\/v2\/media?parent=8234"}],"curies":[{"name":"wp","href":"https:\/\/api.w.org\/{rel}","templated":true}]}}