{"id":8112,"date":"2021-02-26T18:58:59","date_gmt":"2021-02-26T18:58:59","guid":{"rendered":"http:\/\/pzpn.firstwebstrona.pl\/?page_id=8112"},"modified":"2021-02-26T18:59:16","modified_gmt":"2021-02-26T18:59:16","slug":"komisja-szkoleniowa-kolegium-sedziowskiego","status":"publish","type":"page","link":"https:\/\/podlaskizpn.org\/index.php\/komisja-szkoleniowa-kolegium-sedziowskiego\/","title":{"rendered":"Komisja Szkoleniowa Kolegium S\u0119dziowskiego"},"content":{"rendered":"\t\t<div data-elementor-type=\"wp-page\" data-elementor-id=\"8112\" class=\"elementor elementor-8112\" data-elementor-settings=\"[]\">\n\t\t\t\t\t\t<div class=\"elementor-inner\">\n\t\t\t\t\t\t\t<div class=\"elementor-section-wrap\">\n\t\t\t\t\t\t\t<section class=\"elementor-section elementor-top-section elementor-element elementor-element-c30912d elementor-section-boxed elementor-section-height-default elementor-section-height-default\" data-id=\"c30912d\" data-element_type=\"section\">\n\t\t\t\t\t\t<div class=\"elementor-container elementor-column-gap-default\">\n\t\t\t\t\t\t\t<div class=\"elementor-row\">\n\t\t\t\t\t<div class=\"elementor-column elementor-col-100 elementor-top-column elementor-element elementor-element-8e549e8\" data-id=\"8e549e8\" data-element_type=\"column\">\n\t\t\t<div class=\"elementor-column-wrap elementor-element-populated\">\n\t\t\t\t\t\t\t<div class=\"elementor-widget-wrap\">\n\t\t\t\t\t\t<div class=\"elementor-element elementor-element-4061563 elementor-widget elementor-widget-text-editor\" data-id=\"4061563\" data-element_type=\"widget\" data-widget_type=\"text-editor.default\">\n\t\t\t\t<div class=\"elementor-widget-container\">\n\t\t\t\t\t<div class=\"elementor-text-editor elementor-clearfix\"><ol><li>Rados\u0142aw Jemielity \u2013 Przewodnicz\u0105cy<\/li><li>\u0141ukasz Ku\u017ama \u2013 Wiceprzewodnicz\u0105cy<\/li><li>Adam Ignaczuk \u2013 Sekretarz<\/li><li>Marcin Adamski \u2013 Cz\u0142onek<\/li><li>Konrad Lewo\u0144czuk \u2013 Cz\u0142onek<\/li><li>Janusz Piekut \u2013 Cz\u0142onek<\/li><li>Grzegorz Kawa\u0142ko<\/li><li>\u0141ukasz Sikora<\/li><\/ol><\/div>\n\t\t\t\t<\/div>\n\t\t\t\t<\/div>\n\t\t\t\t\t\t<\/div>\n\t\t\t\t\t<\/div>\n\t\t<\/div>\n\t\t\t\t\t\t\t\t<\/div>\n\t\t\t\t\t<\/div>\n\t\t<\/section>\n\t\t\t\t<section class=\"elementor-section elementor-top-section elementor-element elementor-element-f320e2c elementor-section-boxed elementor-section-height-default elementor-section-height-default\" data-id=\"f320e2c\" data-element_type=\"section\">\n\t\t\t\t\t\t<div class=\"elementor-container elementor-column-gap-default\">\n\t\t\t\t\t\t\t<div class=\"elementor-row\">\n\t\t\t\t\t<div class=\"elementor-column elementor-col-100 elementor-top-column elementor-element elementor-element-d5d068f\" data-id=\"d5d068f\" data-element_type=\"column\">\n\t\t\t<div class=\"elementor-column-wrap elementor-element-populated\">\n\t\t\t\t\t\t\t<div class=\"elementor-widget-wrap\">\n\t\t\t\t\t\t<div class=\"elementor-element elementor-element-9acca22 elementor-widget elementor-widget-image\" data-id=\"9acca22\" data-element_type=\"widget\" data-widget_type=\"image.default\">\n\t\t\t\t<div class=\"elementor-widget-container\">\n\t\t\t\t\t<div class=\"elementor-image\">\n\t\t\t\t\t\t\t\t\t\t\t<a href=\"http:\/\/podlaskizpn.org\/wp-content\/uploads\/2021\/02\/sedzia.jpg\" data-elementor-open-lightbox=\"yes\" data-elementor-lightbox-title=\"s\u0119dzia\">\n\t\t\t\t\t\t\t<img width=\"750\" height=\"500\" src=\"https:\/\/podlaskizpn.org\/wp-content\/uploads\/2021\/02\/sedzia.jpg\" class=\"attachment-large size-large\" alt=\"\" loading=\"lazy\" srcset=\"https:\/\/podlaskizpn.org\/wp-content\/uploads\/2021\/02\/sedzia.jpg 960w, https:\/\/podlaskizpn.org\/wp-content\/uploads\/2021\/02\/sedzia-300x200.jpg 300w, https:\/\/podlaskizpn.org\/wp-content\/uploads\/2021\/02\/sedzia-768x512.jpg 768w, https:\/\/podlaskizpn.org\/wp-content\/uploads\/2021\/02\/sedzia-128x85.jpg 128w, https:\/\/podlaskizpn.org\/wp-content\/uploads\/2021\/02\/sedzia-32x21.jpg 32w\" sizes=\"(max-width: 750px) 100vw, 750px\" \/>\t\t\t\t\t\t\t\t<\/a>\n\t\t\t\t\t\t\t\t\t\t\t<\/div>\n\t\t\t\t<\/div>\n\t\t\t\t<\/div>\n\t\t\t\t\t\t<\/div>\n\t\t\t\t\t<\/div>\n\t\t<\/div>\n\t\t\t\t\t\t\t\t<\/div>\n\t\t\t\t\t<\/div>\n\t\t<\/section>\n\t\t\t\t\t\t<\/div>\n\t\t\t\t\t\t<\/div>\n\t\t\t\t\t<\/div>\n\t\t","protected":false},"excerpt":{"rendered":"<p>Rados\u0142aw Jemielity \u2013 Przewodnicz\u0105cy \u0141ukasz Ku\u017ama \u2013 Wiceprzewodnicz\u0105cy Adam Ignaczuk \u2013 Sekretarz Marcin Adamski \u2013 Cz\u0142onek Konrad Lewo\u0144czuk \u2013 Cz\u0142onek Janusz Piekut \u2013 Cz\u0142onek Grzegorz Kawa\u0142ko \u0141ukasz Sikora<\/p>\n","protected":false},"author":1,"featured_media":0,"parent":0,"menu_order":0,"comment_status":"closed","ping_status":"closed","template":"","meta":[],"_links":{"self":[{"href":"https:\/\/podlaskizpn.org\/index.php\/wp-json\/wp\/v2\/pages\/8112"}],"collection":[{"href":"https:\/\/podlaskizpn.org\/index.php\/wp-json\/wp\/v2\/pages"}],"about":[{"href":"https:\/\/podlaskizpn.org\/index.php\/wp-json\/wp\/v2\/types\/page"}],"author":[{"embeddable":true,"href":"https:\/\/podlaskizpn.org\/index.php\/wp-json\/wp\/v2\/users\/1"}],"replies":[{"embeddable":true,"href":"https:\/\/podlaskizpn.org\/index.php\/wp-json\/wp\/v2\/comments?post=8112"}],"version-history":[{"count":4,"href":"https:\/\/podlaskizpn.org\/index.php\/wp-json\/wp\/v2\/pages\/8112\/revisions"}],"predecessor-version":[{"id":8116,"href":"https:\/\/podlaskizpn.org\/index.php\/wp-json\/wp\/v2\/pages\/8112\/revisions\/8116"}],"wp:attachment":[{"href":"https:\/\/podlaskizpn.org\/index.php\/wp-json\/wp\/v2\/media?parent=8112"}],"curies":[{"name":"wp","href":"https:\/\/api.w.org\/{rel}","templated":true}]}}