{"id":6660,"date":"2021-01-21T11:58:30","date_gmt":"2021-01-21T11:58:30","guid":{"rendered":"http:\/\/pzpn.firstwebstrona.pl\/?page_id=6660"},"modified":"2021-01-21T11:58:44","modified_gmt":"2021-01-21T11:58:44","slug":"polityka-prywatnosci","status":"publish","type":"page","link":"https:\/\/podlaskizpn.org\/index.php\/polityka-prywatnosci\/","title":{"rendered":"Polityka \u2013 Prywatno\u015bci"},"content":{"rendered":"\n<p>Administratorem Pani\/Pana danych osobowych jest:<\/p>\n\n\n\n<p>Podlaski Zwi\u0105zek Pi\u0142ki&nbsp; ul. Jurowiecka 52,&nbsp; Bia\u0142ystok 15-101<\/p>\n\n\n\n<p>Z Administratorem mo\u017cna kontaktowa\u0107 si\u0119 za po\u015brednictwem poczty elektronicznej email&nbsp; biuro@podlaskizpn.orglub pisemnie na adres siedziby Administratora.<\/p>\n\n\n\n<p>Funkcj\u0119 Inspektora ochrony danych pe\u0142ni \u2026\u2026\u2026\u2026, adres email&nbsp; biuro@podlaskizpn.org&nbsp; Z inspektorem ochrony danych mo\u017cna si\u0119 kontaktowa\u0107 we wszystkich sprawach dotycz\u0105cych przetwarzania danych osobowych.<\/p>\n\n\n\n<p>Dane osobowe b\u0119d\u0105 przetwarzane na podstawie w celu i w zakresie okre\u015blonym w obowi\u0105zuj\u0105cych przepisach prawa, zawartych umowach, udzielonej zgodzie oraz regulaminie organizacyjnym Administratora. Dane osobowe przetwarzane b\u0119d\u0105 r\u0119cznie (dokumentacja papierowa) oraz automatycznie (system informatyczny).<\/p>\n\n\n\n<p>Dane osobowe Pani\/Pana przetwarzane b\u0119d\u0105 przez okres niezb\u0119dny do realizacji celu, dla kt\u00f3rego zosta\u0142y pozyskane a po tym czasie przez okres i w zakresie jaki przewiduj\u0105 przepisy powszechnie obowi\u0105zuj\u0105cego prawa.<\/p>\n\n\n\n<p>Administrator udost\u0119pnia dane podmiotom uprawnionym do ich otrzymania na podstawie obowi\u0105zuj\u0105cych przepis\u00f3w prawa oraz w przypadku zawarcia dodatkowych ustale\u0144 w tym zakresie z Pani\u0105\/Panem.<\/p>\n\n\n\n<p>W zwi\u0105zku z przetwarzaniem danych osobowych przys\u0142uguj\u0105 Pani\/Panu nast\u0119puj\u0105ce prawa:<\/p>\n\n\n\n<p>\u2013 prawo dost\u0119pu do danych osobowych,<\/p>\n\n\n\n<p>\u2013 prawo do sprostowania danych w przypadku przetwarzania danych b\u0142\u0119dnych lub niekompletnych,<\/p>\n\n\n\n<p>\u2013 prawo do usuni\u0119cia danych (\u201eprawo do bycia zapomnianym\u201d) w przypadku przetwarzania danych niezgodnego z prawem, lub osoba, kt\u00f3rej dane by\u0142y przetwarzane cofn\u0119\u0142a zgod\u0119 i nie ma innej postawy prawnej do ich przetwarzania,<\/p>\n\n\n\n<p>\u2013 prawo do ograniczenia przetwarzania,<\/p>\n\n\n\n<p>\u2013 prawo do przenoszenia danych w przypadku, gdy przetwarzanie odbywa si\u0119 na podstawie udzielonej zgody,<\/p>\n\n\n\n<p>\u2013 prawo do sprzeciwu.<\/p>\n\n\n\n<p>Pa\u0144stwa prawa b\u0119d\u0105 realizowane zgodnie z obowi\u0105zuj\u0105cymi Administratora przepisami prawa, do kt\u00f3rego przestrzegania jest zobowi\u0105zany.<\/p>\n\n\n\n<p>Przys\u0142uguje Pani\/Panu prawo wniesienia skargi do organu nadzorczego zajmuj\u0105cego si\u0119 ochron\u0105 danych osobowych w pa\u0144stwie cz\u0142onkowskim Pani\/Pana zwyk\u0142ego pobytu, miejsca pracy lub miejsca pope\u0142nienia domniemanego naruszenia.<\/p>\n\n\n\n<p>Kontakt z organem nadzorczym zajmuj\u0105cym si\u0119 ochron\u0105 danych osobowych na terenie Polski: https:\/\/uodo.gov.pl\/pl\/p\/kontakt<\/p>\n\n\n\n<p>W przypadku przetwarzania danych osobowych przez Administratora na podstawie udzielonej zgody, podanie przez Pani\u0105\/Pana danych osobowych jest dobrowolne. Przys\u0142uguje Pani\/Panu prawo cofni\u0119cia zgody w ka\u017cdym momencie. Wycofanie zgody nie wp\u0142ywa na zgodno\u015b\u0107 z prawem przetwarzania, kt\u00f3rego dokonano na podstawie zgody przed jej wycofaniem.<\/p>\n\n\n\n<p>Administrator nie przekazuje \u017cadnych danych osobowych poza teren Polski\/UE\/Europejskiego Obszaru Gospodarczego.<\/p>\n\n\n\n<p>Administrator nie przetwarza danych osobowych do \u017cadnych innych cel\u00f3w ni\u017c te co zosta\u0142y okre\u015blone w obowi\u0105zuj\u0105cych go przepisach prawa i do kt\u00f3rych zosta\u0142 upowa\u017cniony. Nie wykorzystuje danych osobowych w celach marketingowych, nie przeprowadza r\u00f3wnie\u017c tzw. profilowania.<\/p>\n\n\n\n<p>Administrator dok\u0142ada wszelkich stara\u0144, aby przetwarzane dane osobowe by\u0142y bezpieczne. W tym celu stosowane s\u0105 rozwi\u0105zania techniczne i organizacyjne, kt\u00f3re maj\u0105 za zadanie zabezpieczenie danych osobowych, zgodnie ze wszystkimi obowi\u0105zuj\u0105cymi przepisami i standardami.<\/p>\n","protected":false},"excerpt":{"rendered":"<p>Administratorem Pani\/Pana danych osobowych jest: Podlaski Zwi\u0105zek Pi\u0142ki&nbsp; ul. Jurowiecka 52,&nbsp; Bia\u0142ystok 15-101 Z Administratorem mo\u017cna kontaktowa\u0107 si\u0119 za po\u015brednictwem poczty elektronicznej email&nbsp; biuro@podlaskizpn.orglub pisemnie na adres siedziby Administratora. Funkcj\u0119 Inspektora ochrony danych pe\u0142ni \u2026\u2026\u2026\u2026, adres email&nbsp; biuro@podlaskizpn.org&nbsp; Z inspektorem ochrony danych mo\u017cna si\u0119 kontaktowa\u0107 we wszystkich sprawach dotycz\u0105cych przetwarzania danych osobowych. Dane osobowe b\u0119d\u0105 &hellip;<\/p>\n","protected":false},"author":1,"featured_media":0,"parent":0,"menu_order":0,"comment_status":"closed","ping_status":"closed","template":"","meta":[],"_links":{"self":[{"href":"https:\/\/podlaskizpn.org\/index.php\/wp-json\/wp\/v2\/pages\/6660"}],"collection":[{"href":"https:\/\/podlaskizpn.org\/index.php\/wp-json\/wp\/v2\/pages"}],"about":[{"href":"https:\/\/podlaskizpn.org\/index.php\/wp-json\/wp\/v2\/types\/page"}],"author":[{"embeddable":true,"href":"https:\/\/podlaskizpn.org\/index.php\/wp-json\/wp\/v2\/users\/1"}],"replies":[{"embeddable":true,"href":"https:\/\/podlaskizpn.org\/index.php\/wp-json\/wp\/v2\/comments?post=6660"}],"version-history":[{"count":2,"href":"https:\/\/podlaskizpn.org\/index.php\/wp-json\/wp\/v2\/pages\/6660\/revisions"}],"predecessor-version":[{"id":6662,"href":"https:\/\/podlaskizpn.org\/index.php\/wp-json\/wp\/v2\/pages\/6660\/revisions\/6662"}],"wp:attachment":[{"href":"https:\/\/podlaskizpn.org\/index.php\/wp-json\/wp\/v2\/media?parent=6660"}],"curies":[{"name":"wp","href":"https:\/\/api.w.org\/{rel}","templated":true}]}}