{"id":2,"date":"2021-01-21T08:55:19","date_gmt":"2021-01-21T08:55:19","guid":{"rendered":"http:\/\/pzpn.firstwebstrona.pl\/?page_id=2"},"modified":"2023-10-17T11:07:02","modified_gmt":"2023-10-17T11:07:02","slug":"sample-page","status":"publish","type":"page","link":"https:\/\/podlaskizpn.org\/index.php\/sample-page\/","title":{"rendered":"Konta Bankowe"},"content":{"rendered":"\n<p>W imieniu Podlaskiego ZPN uprzejmie informuj\u0119, i\u017c zmianie uleg\u0142y numery rachunk\u00f3w bankowych Podlaskiego ZPN, kt\u00f3ry obecnie obs\u0142ugiwany b\u0119dzie przez BNP Paribas Bank Polska Sp\u00f3\u0142ka Akcyjna.<\/p>\n\n\n\n<p>Nowe numery rachunk\u00f3w:<\/p>\n\n\n\n<p>1. Rachunek g\u0142\u00f3wny\/ 58 1600 1462 1863 3169 1000 0001<br>2. Kluby (transfery, uprawnienia)\/ 47 1600 1462 1863 3169 1000 0005<br>3. Wydzia\u0142 Szkolenia\/ 04 1600 1462 1863 3169 1000 0003<br>4. Kolegium S\u0119dzi\u00f3w\/ 74 1600 1462 1863 3169 1000 0004<br>5. Bilety\/ 20 1600 1462 1863 3169 1000 0006<\/p>\n\n\n\n<p><\/p>\n\n\n\n<p>Zwracamy si\u0119 z pro\u015bb\u0105 o dokonywanie op\u0142at na wskazane wy\u017cej rachunki.<\/p>\n\n\n\n<p><\/p>\n","protected":false},"excerpt":{"rendered":"<p>W imieniu Podlaskiego ZPN uprzejmie informuj\u0119, i\u017c zmianie uleg\u0142y numery rachunk\u00f3w bankowych Podlaskiego ZPN, kt\u00f3ry obecnie obs\u0142ugiwany b\u0119dzie przez BNP Paribas Bank Polska Sp\u00f3\u0142ka Akcyjna. Nowe numery rachunk\u00f3w: 1. Rachunek g\u0142\u00f3wny\/ 58 1600 1462 1863 3169 1000 00012. Kluby (transfery, uprawnienia)\/ 47 1600 1462 1863 3169 1000 00053. Wydzia\u0142 Szkolenia\/ 04 1600 1462 1863 3169 &hellip;<\/p>\n","protected":false},"author":1,"featured_media":0,"parent":0,"menu_order":0,"comment_status":"closed","ping_status":"open","template":"","meta":[],"_links":{"self":[{"href":"https:\/\/podlaskizpn.org\/index.php\/wp-json\/wp\/v2\/pages\/2"}],"collection":[{"href":"https:\/\/podlaskizpn.org\/index.php\/wp-json\/wp\/v2\/pages"}],"about":[{"href":"https:\/\/podlaskizpn.org\/index.php\/wp-json\/wp\/v2\/types\/page"}],"author":[{"embeddable":true,"href":"https:\/\/podlaskizpn.org\/index.php\/wp-json\/wp\/v2\/users\/1"}],"replies":[{"embeddable":true,"href":"https:\/\/podlaskizpn.org\/index.php\/wp-json\/wp\/v2\/comments?post=2"}],"version-history":[{"count":4,"href":"https:\/\/podlaskizpn.org\/index.php\/wp-json\/wp\/v2\/pages\/2\/revisions"}],"predecessor-version":[{"id":12007,"href":"https:\/\/podlaskizpn.org\/index.php\/wp-json\/wp\/v2\/pages\/2\/revisions\/12007"}],"wp:attachment":[{"href":"https:\/\/podlaskizpn.org\/index.php\/wp-json\/wp\/v2\/media?parent=2"}],"curies":[{"name":"wp","href":"https:\/\/api.w.org\/{rel}","templated":true}]}}