{"id":12405,"date":"2024-02-13T13:13:25","date_gmt":"2024-02-13T13:13:25","guid":{"rendered":"https:\/\/podlaskizpn.org\/?page_id=12405"},"modified":"2024-05-28T08:46:25","modified_gmt":"2024-05-28T08:46:25","slug":"polityka-bezpieczenstwa-dzieci","status":"publish","type":"page","link":"https:\/\/podlaskizpn.org\/index.php\/polityka-bezpieczenstwa-dzieci\/","title":{"rendered":"Polityka Bezpiecze\u0144stwa Dzieci"},"content":{"rendered":"\t\t<div data-elementor-type=\"wp-page\" data-elementor-id=\"12405\" class=\"elementor elementor-12405\" data-elementor-settings=\"[]\">\n\t\t\t\t\t\t<div class=\"elementor-inner\">\n\t\t\t\t\t\t\t<div class=\"elementor-section-wrap\">\n\t\t\t\t\t\t\t<section class=\"elementor-section elementor-top-section elementor-element elementor-element-30de387 elementor-section-boxed elementor-section-height-default elementor-section-height-default\" data-id=\"30de387\" data-element_type=\"section\">\n\t\t\t\t\t\t<div class=\"elementor-container elementor-column-gap-default\">\n\t\t\t\t\t\t\t<div class=\"elementor-row\">\n\t\t\t\t\t<div class=\"elementor-column elementor-col-100 elementor-top-column elementor-element elementor-element-cafb7d2\" data-id=\"cafb7d2\" data-element_type=\"column\">\n\t\t\t<div class=\"elementor-column-wrap elementor-element-populated\">\n\t\t\t\t\t\t\t<div class=\"elementor-widget-wrap\">\n\t\t\t\t\t\t<div class=\"elementor-element elementor-element-df37c11 elementor-widget elementor-widget-text-editor\" data-id=\"df37c11\" data-element_type=\"widget\" data-widget_type=\"text-editor.default\">\n\t\t\t\t<div class=\"elementor-widget-container\">\n\t\t\t\t\t<div class=\"elementor-text-editor elementor-clearfix\"><ul>\n<li><a href=\"https:\/\/podlaskizpn.org\/wp-content\/uploads\/2024\/02\/Zalacznik-do-Uchwaly-nr-04-II-2024-z-dnia-05-lutego-2024-Polityka-Bezpieczenstwa-Dzieci-Podlaskiego-ZPN.pdf\">Za\u0142\u0105cznik do Uchwa\u0142y nr 04 II 2024 z dnia 05 lutego 2024 Polityka Bezpiecze\u0144stwa Dzieci Podlaskiego ZPN<\/a><\/li>\n<li>&nbsp;<a href=\"https:\/\/standardy.fdds.pl\/standardy-w-dzialaniu\/kluby\">MATERIA\u0141Y EDUKACYJNE<\/a><\/li>\n<li>Trener koordynator d\/s bezpiecze\u0144stwa dzieci &#8211; Tomasz Bernatowicz, mail: t.bernatowicz@podlaskizpn.org , tel. 604 113 684<br><\/li>\n<\/ul><\/div>\n\t\t\t\t<\/div>\n\t\t\t\t<\/div>\n\t\t\t\t\t\t<\/div>\n\t\t\t\t\t<\/div>\n\t\t<\/div>\n\t\t\t\t\t\t\t\t<\/div>\n\t\t\t\t\t<\/div>\n\t\t<\/section>\n\t\t\t\t\t\t<\/div>\n\t\t\t\t\t\t<\/div>\n\t\t\t\t\t<\/div>\n\t\t","protected":false},"excerpt":{"rendered":"<p>Za\u0142\u0105cznik do Uchwa\u0142y nr 04 II 2024 z dnia 05 lutego 2024 Polityka Bezpiecze\u0144stwa Dzieci Podlaskiego ZPN &nbsp;MATERIA\u0141Y EDUKACYJNE Trener koordynator d\/s bezpiecze\u0144stwa dzieci &#8211; Tomasz Bernatowicz, mail: t.bernatowicz@podlaskizpn.org , tel. 604 113 684<\/p>\n","protected":false},"author":1,"featured_media":0,"parent":0,"menu_order":0,"comment_status":"closed","ping_status":"closed","template":"","meta":[],"_links":{"self":[{"href":"https:\/\/podlaskizpn.org\/index.php\/wp-json\/wp\/v2\/pages\/12405"}],"collection":[{"href":"https:\/\/podlaskizpn.org\/index.php\/wp-json\/wp\/v2\/pages"}],"about":[{"href":"https:\/\/podlaskizpn.org\/index.php\/wp-json\/wp\/v2\/types\/page"}],"author":[{"embeddable":true,"href":"https:\/\/podlaskizpn.org\/index.php\/wp-json\/wp\/v2\/users\/1"}],"replies":[{"embeddable":true,"href":"https:\/\/podlaskizpn.org\/index.php\/wp-json\/wp\/v2\/comments?post=12405"}],"version-history":[{"count":16,"href":"https:\/\/podlaskizpn.org\/index.php\/wp-json\/wp\/v2\/pages\/12405\/revisions"}],"predecessor-version":[{"id":12901,"href":"https:\/\/podlaskizpn.org\/index.php\/wp-json\/wp\/v2\/pages\/12405\/revisions\/12901"}],"wp:attachment":[{"href":"https:\/\/podlaskizpn.org\/index.php\/wp-json\/wp\/v2\/media?parent=12405"}],"curies":[{"name":"wp","href":"https:\/\/api.w.org\/{rel}","templated":true}]}}